  {"id":6537,"date":"2024-06-14T13:20:27","date_gmt":"2024-06-14T11:20:27","guid":{"rendered":"https:\/\/cwozn.uni.opole.pl\/about-us\/"},"modified":"2026-05-08T14:28:14","modified_gmt":"2026-05-08T12:28:14","slug":"about-us","status":"publish","type":"page","link":"https:\/\/cwozn.uni.opole.pl\/en\/about-us\/","title":{"rendered":"About us"},"content":{"rendered":"\t\t<div data-elementor-type=\"wp-page\" data-elementor-id=\"6537\" class=\"elementor elementor-6537 elementor-4343\" data-elementor-post-type=\"page\">\n\t\t\t\t<div class=\"elementor-element elementor-element-29e54df7 e-flex e-con-boxed e-con e-parent\" data-id=\"29e54df7\" data-element_type=\"container\" data-e-type=\"container\" data-settings=\"{&quot;jet_parallax_layout_list&quot;:[]}\">\n\t\t\t\t\t<div class=\"e-con-inner\">\n\t\t\t\t<div class=\"elementor-element elementor-element-2ecb7c39 elementor-widget elementor-widget-heading\" data-id=\"2ecb7c39\" data-element_type=\"widget\" data-e-type=\"widget\" data-widget_type=\"heading.default\">\n\t\t\t\t<div class=\"elementor-widget-container\">\n\t\t\t\t\t<h1 class=\"elementor-heading-title elementor-size-default\">About us<\/h1>\t\t\t\t<\/div>\n\t\t\t\t<\/div>\n\t\t\t\t\t<\/div>\n\t\t\t\t<\/div>\n\t\t<div class=\"elementor-element elementor-element-26856a74 e-flex e-con-boxed e-con e-parent\" data-id=\"26856a74\" data-element_type=\"container\" data-e-type=\"container\" data-settings=\"{&quot;jet_parallax_layout_list&quot;:[]}\">\n\t\t\t\t\t<div class=\"e-con-inner\">\n\t\t<div class=\"elementor-element elementor-element-1fcd6bc9 e-flex e-con-boxed e-con e-child\" data-id=\"1fcd6bc9\" data-element_type=\"container\" data-e-type=\"container\" data-settings=\"{&quot;jet_parallax_layout_list&quot;:[]}\">\n\t\t\t\t\t<div class=\"e-con-inner\">\n\t\t\t\t<div class=\"elementor-element elementor-element-479fe27c elementor-widget elementor-widget-heading\" data-id=\"479fe27c\" data-element_type=\"widget\" data-e-type=\"widget\" data-widget_type=\"heading.default\">\n\t\t\t\t<div class=\"elementor-widget-container\">\n\t\t\t\t\t<p class=\"elementor-heading-title elementor-size-default\"><a href=\"https:\/\/cwozn.uni.opole.pl\/wp-content\/uploads\/sites\/162\/Tekst-latwy-do-czytania-i-rozumienia-ETR.docx\">Easy to read<\/a><\/p>\t\t\t\t<\/div>\n\t\t\t\t<\/div>\n\t\t\t\t<div class=\"elementor-element elementor-element-a04a035 elementor-widget elementor-widget-heading\" data-id=\"a04a035\" data-element_type=\"widget\" data-e-type=\"widget\" data-widget_type=\"heading.default\">\n\t\t\t\t<div class=\"elementor-widget-container\">\n\t\t\t\t\t<p class=\"elementor-heading-title elementor-size-default\">Why should you contact the Centre for Students with Disabilities?<\/p>\t\t\t\t<\/div>\n\t\t\t\t<\/div>\n\t\t\t\t<div class=\"elementor-element elementor-element-84efe24 elementor-widget elementor-widget-text-editor\" data-id=\"84efe24\" data-element_type=\"widget\" data-e-type=\"widget\" data-widget_type=\"text-editor.default\">\n\t\t\t\t<div class=\"elementor-widget-container\">\n\t\t\t\t\t\t\t\t\t<p><img fetchpriority=\"high\" decoding=\"async\" class=\"wp-image-5504 alignright\" src=\"https:\/\/cwozn.uni.opole.pl\/wp-content\/uploads\/sites\/162\/BON-zdjecie-pracowniko.jpg\" alt=\"Pracownicy biura Aleksandra Zag\u00f3rska, Jakub Bu\u0142acz i Monika Twardawski-Karbowiak stoj\u0105cy na tle podium oraz flagi polskiej i europejskiej.\" width=\"210\" height=\"280\" srcset=\"https:\/\/cwozn.uni.opole.pl\/wp-content\/uploads\/sites\/162\/BON-zdjecie-pracowniko.jpg 960w, https:\/\/cwozn.uni.opole.pl\/wp-content\/uploads\/sites\/162\/BON-zdjecie-pracowniko-768x1024.jpg 768w\" sizes=\"(max-width: 210px) 100vw, 210px\" \/>Our staff will inform you about your rights and the support available to you. Coming to an appointment, please bring your current disability certificate and all medical documentation relating to your health issues. <\/p><p>We guarantee complete confidentiality regarding your personal data and health information. If necessary, this information may only be disclosed to the extent that you consent to. <\/p><p>Here you can freely talk about your problems, expectations and thoughts regarding support for students with disabilities. You can also get involved in helping others. <\/p>\t\t\t\t\t\t\t\t<\/div>\n\t\t\t\t<\/div>\n\t\t\t\t\t<\/div>\n\t\t\t\t<\/div>\n\t\t\t\t\t<\/div>\n\t\t\t\t<\/div>\n\t\t<div class=\"elementor-element elementor-element-1b514eb3 e-flex e-con-boxed e-con e-parent\" data-id=\"1b514eb3\" data-element_type=\"container\" data-e-type=\"container\" data-settings=\"{&quot;jet_parallax_layout_list&quot;:[]}\">\n\t\t\t\t\t<div class=\"e-con-inner\">\n\t\t\t\t\t<\/div>\n\t\t\t\t<\/div>\n\t\t<div class=\"elementor-element elementor-element-675c859a e-flex e-con-boxed e-con e-parent\" data-id=\"675c859a\" data-element_type=\"container\" data-e-type=\"container\" data-settings=\"{&quot;jet_parallax_layout_list&quot;:[]}\">\n\t\t\t\t\t<div class=\"e-con-inner\">\n\t\t\t\t<div class=\"elementor-element elementor-element-1bcff44 elementor-widget elementor-widget-heading\" data-id=\"1bcff44\" data-element_type=\"widget\" data-e-type=\"widget\" data-widget_type=\"heading.default\">\n\t\t\t\t<div class=\"elementor-widget-container\">\n\t\t\t\t\t<p class=\"elementor-heading-title elementor-size-default\">Who can use our services?<\/p>\t\t\t\t<\/div>\n\t\t\t\t<\/div>\n\t\t\t\t<div class=\"elementor-element elementor-element-1e99de9 elementor-widget elementor-widget-text-editor\" data-id=\"1e99de9\" data-element_type=\"widget\" data-e-type=\"widget\" data-widget_type=\"text-editor.default\">\n\t\t\t\t<div class=\"elementor-widget-container\">\n\t\t\t\t\t\t\t\t\t<p>UO students<br>UO doctoral students<br>UO units<\/p>\t\t\t\t\t\t\t\t<\/div>\n\t\t\t\t<\/div>\n\t\t\t\t<div class=\"elementor-element elementor-element-d5739a4 elementor-widget elementor-widget-heading\" data-id=\"d5739a4\" data-element_type=\"widget\" data-e-type=\"widget\" data-widget_type=\"heading.default\">\n\t\t\t\t<div class=\"elementor-widget-container\">\n\t\t\t\t\t<p class=\"elementor-heading-title elementor-size-default\">What kind of problems can you seek assistance with?<\/p>\t\t\t\t<\/div>\n\t\t\t\t<\/div>\n\t\t\t\t<div class=\"elementor-element elementor-element-421431f elementor-widget elementor-widget-text-editor\" data-id=\"421431f\" data-element_type=\"widget\" data-e-type=\"widget\" data-widget_type=\"text-editor.default\">\n\t\t\t\t<div class=\"elementor-widget-container\">\n\t\t\t\t\t\t\t\t\t<p>Disability<br>Illness or medical condition that makes it difficult to study<br>Mental disorders<br>ASP, ADHD, dyslexia<br>Sudden illness or accident<br>Reading and writing difficulties<\/p>\t\t\t\t\t\t\t\t<\/div>\n\t\t\t\t<\/div>\n\t\t\t\t<div class=\"elementor-element elementor-element-2815ae1 elementor-widget elementor-widget-heading\" data-id=\"2815ae1\" data-element_type=\"widget\" data-e-type=\"widget\" data-widget_type=\"heading.default\">\n\t\t\t\t<div class=\"elementor-widget-container\">\n\t\t\t\t\t<p class=\"elementor-heading-title elementor-size-default\">Principles of providing assistance<\/p>\t\t\t\t<\/div>\n\t\t\t\t<\/div>\n\t\t\t\t<div class=\"elementor-element elementor-element-597c53b elementor-widget elementor-widget-text-editor\" data-id=\"597c53b\" data-element_type=\"widget\" data-e-type=\"widget\" data-widget_type=\"text-editor.default\">\n\t\t\t\t<div class=\"elementor-widget-container\">\n\t\t\t\t\t\t\t\t\t<p>Assistance is provided to those who request it and submit the relevant medical records.<\/p><p>We conduct an individual interview with each person. Its aim is to assess their health and academic situation. <\/p><p>We analyse the needs and capabilities of students and doctoral students with disabilities or chronic illnesses. Then we propose and recommend appropriate solutions. <\/p>\t\t\t\t\t\t\t\t<\/div>\n\t\t\t\t<\/div>\n\t\t\t\t\t<\/div>\n\t\t\t\t<\/div>\n\t\t<div class=\"elementor-element elementor-element-17a5f582 e-flex e-con-boxed e-con e-parent\" data-id=\"17a5f582\" data-element_type=\"container\" data-e-type=\"container\" data-settings=\"{&quot;jet_parallax_layout_list&quot;:[]}\">\n\t\t\t\t\t<div class=\"e-con-inner\">\n\t\t\t\t\t<\/div>\n\t\t\t\t<\/div>\n\t\t<div class=\"elementor-element elementor-element-26e65cf3 e-flex e-con-boxed e-con e-parent\" data-id=\"26e65cf3\" data-element_type=\"container\" data-e-type=\"container\" data-settings=\"{&quot;jet_parallax_layout_list&quot;:[]}\">\n\t\t\t\t\t<div class=\"e-con-inner\">\n\t\t\t\t\t<\/div>\n\t\t\t\t<\/div>\n\t\t<div class=\"elementor-element elementor-element-5d259baa e-flex e-con-boxed e-con e-parent\" data-id=\"5d259baa\" data-element_type=\"container\" data-e-type=\"container\" data-settings=\"{&quot;jet_parallax_layout_list&quot;:[]}\">\n\t\t\t\t\t<div class=\"e-con-inner\">\n\t\t<div class=\"elementor-element elementor-element-319516dc e-con-full e-flex e-con e-child\" data-id=\"319516dc\" data-element_type=\"container\" data-e-type=\"container\" data-settings=\"{&quot;jet_parallax_layout_list&quot;:[]}\">\n\t\t\t\t<\/div>\n\t\t\t\t\t<\/div>\n\t\t\t\t<\/div>\n\t\t<div class=\"elementor-element elementor-element-68ae3812 e-flex e-con-boxed e-con e-parent\" data-id=\"68ae3812\" data-element_type=\"container\" data-e-type=\"container\" data-settings=\"{&quot;jet_parallax_layout_list&quot;:[]}\">\n\t\t\t\t\t<div class=\"e-con-inner\">\n\t\t\t\t\t<\/div>\n\t\t\t\t<\/div>\n\t\t<div class=\"elementor-element elementor-element-513427a e-flex e-con-boxed e-con e-parent\" data-id=\"513427a\" data-element_type=\"container\" data-e-type=\"container\" data-settings=\"{&quot;jet_parallax_layout_list&quot;:[]}\">\n\t\t\t\t\t<div class=\"e-con-inner\">\n\t\t\t\t\t<\/div>\n\t\t\t\t<\/div>\n\t\t\t\t<\/div>\n\t\t","protected":false},"excerpt":{"rendered":"<p>About us Easy to read Why should you contact the Centre for Students with Disabilities? Our staff will inform you about your rights and the support available to you. Coming to an appointment, please bring your current disability certificate and all medical documentation relating to your health issues. We guarantee complete confidentiality regarding your personal [&hellip;]<\/p>\n","protected":false},"author":52,"featured_media":0,"parent":0,"menu_order":0,"comment_status":"closed","ping_status":"closed","template":"","meta":{"footnotes":""},"class_list":["post-6537","page","type-page","status-publish","hentry"],"_links":{"self":[{"href":"https:\/\/cwozn.uni.opole.pl\/en\/wp-json\/wp\/v2\/pages\/6537","targetHints":{"allow":["GET"]}}],"collection":[{"href":"https:\/\/cwozn.uni.opole.pl\/en\/wp-json\/wp\/v2\/pages"}],"about":[{"href":"https:\/\/cwozn.uni.opole.pl\/en\/wp-json\/wp\/v2\/types\/page"}],"author":[{"embeddable":true,"href":"https:\/\/cwozn.uni.opole.pl\/en\/wp-json\/wp\/v2\/users\/52"}],"replies":[{"embeddable":true,"href":"https:\/\/cwozn.uni.opole.pl\/en\/wp-json\/wp\/v2\/comments?post=6537"}],"version-history":[{"count":5,"href":"https:\/\/cwozn.uni.opole.pl\/en\/wp-json\/wp\/v2\/pages\/6537\/revisions"}],"predecessor-version":[{"id":6546,"href":"https:\/\/cwozn.uni.opole.pl\/en\/wp-json\/wp\/v2\/pages\/6537\/revisions\/6546"}],"wp:attachment":[{"href":"https:\/\/cwozn.uni.opole.pl\/en\/wp-json\/wp\/v2\/media?parent=6537"}],"curies":[{"name":"wp","href":"https:\/\/api.w.org\/{rel}","templated":true}]}}